{"id":3,"date":"2023-08-08T10:51:02","date_gmt":"2023-08-08T10:51:02","guid":{"rendered":"https:\/\/africanzuri.com\/?page_id=3"},"modified":"2023-11-19T12:25:35","modified_gmt":"2023-11-19T12:25:35","slug":"privacy-policy","status":"publish","type":"page","link":"https:\/\/africanzuri.com\/fr\/privacy-policy\/","title":{"rendered":"politique de confidentialit\u00e9"},"content":{"rendered":"<div data-elementor-type=\"wp-page\" data-elementor-id=\"3\" class=\"elementor elementor-3\">\n\t\t\t\t<div class=\"elementor-element elementor-element-159afde7 e-flex e-con-boxed e-con e-parent\" data-id=\"159afde7\" data-element_type=\"container\" data-e-type=\"container\">\n\t\t\t\t\t<div class=\"e-con-inner\">\n\t\t\t\t<div class=\"elementor-element elementor-element-281441be elementor-widget elementor-widget-text-editor\" data-id=\"281441be\" data-element_type=\"widget\" data-e-type=\"widget\" data-widget_type=\"text-editor.default\">\n\t\t\t\t<div class=\"elementor-widget-container\">\n\t\t\t\t\t\t\t\t\t\n<p>Cette politique de confidentialit\u00e9 d\u00e9crit nos politiques et proc\u00e9dures relatives \u00e0 la collecte, \u00e0 l&#039;utilisation et \u00e0 la divulgation de vos informations lorsque vous r\u00e9pondez \u00e0 nos publicit\u00e9s et vous informe de vos droits \u00e0 la vie priv\u00e9e et de la mani\u00e8re dont la loi vous prot\u00e8ge. Nous utilisons vos donn\u00e9es personnelles pour vous contacter et vous assister, ainsi que pour fournir et am\u00e9liorer le service. En utilisant le Service, vous acceptez la collecte et l&#039;utilisation d&#039;informations conform\u00e9ment \u00e0 la pr\u00e9sente politique de confidentialit\u00e9.<\/p>\n<h2 class=\"text-center wp-block-heading\">Interpr\u00e9tation et d\u00e9finitions<\/h2>\n<h3>Interpr\u00e9tation<\/h3>\n<p>Les mots dont la lettre initiale est en majuscule ont des significations d\u00e9finies dans les conditions suivantes. Les d\u00e9finitions suivantes auront la m\u00eame signification qu\u2019elles apparaissent au singulier ou au pluriel.<\/p>\n<h3>D\u00e9finitions<\/h3>\n<p>Aux fins de cette politique de confidentialit\u00e9\u00a0:<\/p>\n<ul>\n<li><strong>Entreprise\u00a0<\/strong>(appel\u00e9 \u00ab la Soci\u00e9t\u00e9 \u00bb, \u00ab Nous \u00bb, \u00ab Notre \u00bb ou \u00ab Notre \u00bb dans le pr\u00e9sent Contrat) fait r\u00e9f\u00e9rence \u00e0\u00a0<span id=\"company-name\">Africain&#039;Zuri<\/span>.<\/li>\n<li><strong>Appareil\u00a0<\/strong>d\u00e9signe tout appareil pouvant acc\u00e9der au Service tel qu&#039;un ordinateur, un t\u00e9l\u00e9phone portable ou une tablette num\u00e9rique.<\/li>\n<li><strong>Donn\u00e9es personnelles<\/strong>\u00a0d\u00e9signe toute information relative \u00e0 une personne identifi\u00e9e ou identifiable.<\/li>\n<li><strong>Service\u00a0<\/strong>fait r\u00e9f\u00e9rence \u00e0 la publicit\u00e9, au site Web ou \u00e0 l&#039;application.<\/li>\n<li><strong>Fournisseur de services<\/strong>\u00a0d\u00e9signe toute personne physique ou morale qui traite les donn\u00e9es pour le compte de la Soci\u00e9t\u00e9. Il fait r\u00e9f\u00e9rence aux soci\u00e9t\u00e9s tierces ou aux personnes employ\u00e9es par la Soci\u00e9t\u00e9 pour faciliter le Service, pour fournir le Service au nom de la Soci\u00e9t\u00e9, pour ex\u00e9cuter des services li\u00e9s au Service ou pour aider la Soci\u00e9t\u00e9 \u00e0 analyser la mani\u00e8re dont le Service est utilis\u00e9.<\/li>\n<li><strong>Des donn\u00e9es d&#039;utilisation<\/strong>\u00a0fait r\u00e9f\u00e9rence aux donn\u00e9es collect\u00e9es automatiquement, soit g\u00e9n\u00e9r\u00e9es par l&#039;utilisation du Service, soit \u00e0 partir de l&#039;infrastructure du Service elle-m\u00eame (par exemple, la dur\u00e9e d&#039;une visite d&#039;une page).<\/li>\n<li><strong>Toi\u00a0<\/strong>d\u00e9signe la personne acc\u00e9dant ou utilisant le Service, ou la soci\u00e9t\u00e9 ou autre entit\u00e9 juridique au nom de laquelle cette personne acc\u00e8de ou utilise le Service, selon le cas.<\/li>\n<\/ul>\n<p>\u00a0<\/p>\n<h2 class=\"text-center\">Collecte et utilisation de vos donn\u00e9es personnelles<\/h2>\n<h3 class=\"mt-4\">Types de donn\u00e9es collect\u00e9es<\/h3>\n<h5>Donn\u00e9es personnelles<\/h5>\n<p>Lors de l&#039;utilisation de notre service, nous pouvons vous demander de nous fournir certaines informations personnelles identifiables qui peuvent \u00eatre utilis\u00e9es pour vous contacter ou vous identifier. Les informations personnelles identifiables peuvent inclure, sans s\u2019y limiter\u00a0:<\/p>\n<ul>\n<li>Pr\u00e9nom et nom<\/li>\n<li>Adresse e-mail<\/li>\n<li>Num\u00e9ro de t\u00e9l\u00e9phone<\/li>\n<li>D\u00e9tails de localisation tels que votre adresse, ville ou pays<\/li>\n<li>Toute autre donn\u00e9e telle que les pr\u00e9f\u00e9rences personnelles, les exigences ou les commentaires<\/li>\n<\/ul>\n<p>\u00a0<\/p>\n<h3>Utilisation de vos donn\u00e9es personnelles<\/h3>\n<p>La Soci\u00e9t\u00e9 peut utiliser les Donn\u00e9es Personnelles aux fins suivantes :<\/p>\n<ul>\n<li><strong>Pour fournir et maintenir notre service<\/strong>, y compris pour surveiller l&#039;utilisation de notre Service.<\/li>\n<li><strong>Pour g\u00e9rer votre compte\u00a0:<\/strong>\u00a0pour g\u00e9rer votre inscription en tant qu&#039;utilisateur du Service. Les Donn\u00e9es Personnelles que Vous fournissez peuvent Vous donner acc\u00e8s \u00e0 diff\u00e9rentes fonctionnalit\u00e9s du Service qui Vous sont accessibles en tant qu&#039;utilisateur enregistr\u00e9.<\/li>\n<li><strong>Pour l&#039;ex\u00e9cution d&#039;un contrat :<\/strong>\u00a0l&#039;\u00e9laboration, le respect et l&#039;ex\u00e9cution du contrat d&#039;achat des produits, articles ou services que vous avez achet\u00e9s ou de tout autre contrat avec nous via le Service.<\/li>\n<li><strong>Te contacter:\u00a0<\/strong>Pour vous contacter par e-mail, appels t\u00e9l\u00e9phoniques, SMS ou autres formes de communication \u00e9lectronique \u00e9quivalentes, telles que les notifications push d&#039;une application mobile concernant les mises \u00e0 jour ou les communications informatives li\u00e9es aux fonctionnalit\u00e9s, produits ou services sous contrat, y compris les mises \u00e0 jour de s\u00e9curit\u00e9, lorsque cela est n\u00e9cessaire ou raisonnable. pour leur mise en \u0153uvre.<\/li>\n<li><strong>Pour vous fournir\u00a0<\/strong>avec des actualit\u00e9s, des offres sp\u00e9ciales et des informations g\u00e9n\u00e9rales sur d&#039;autres biens, services et \u00e9v\u00e9nements que nous proposons et similaires \u00e0 ceux que vous avez d\u00e9j\u00e0 achet\u00e9s ou sur lesquels vous avez demand\u00e9 des informations, \u00e0 moins que vous n&#039;ayez choisi de ne pas recevoir de telles informations.<\/li>\n<li><strong>Pour g\u00e9rer vos demandes :<\/strong>\u00a0Pour r\u00e9pondre et g\u00e9rer vos demandes aupr\u00e8s de nous.<\/li>\n<li><strong>Pour les transmissions d&#039;entreprises :\u00a0<\/strong>Nous pouvons utiliser vos informations pour \u00e9valuer ou proc\u00e9der \u00e0 une fusion, une cession, une restructuration, une r\u00e9organisation, une dissolution ou toute autre vente ou transfert de tout ou partie de nos actifs, que ce soit dans le cadre d&#039;une activit\u00e9 en activit\u00e9 ou dans le cadre d&#039;une faillite, d&#039;une liquidation ou d&#039;une proc\u00e9dure similaire. dans lequel les donn\u00e9es personnelles que nous d\u00e9tenons sur les utilisateurs de nos services font partie des actifs transf\u00e9r\u00e9s.<\/li>\n<li><strong>\u00c0 d&#039;autres fins\u00a0:\u00a0<\/strong>Nous pouvons utiliser vos informations \u00e0 d&#039;autres fins, telles que l&#039;analyse des donn\u00e9es, l&#039;identification des tendances d&#039;utilisation, la d\u00e9termination de l&#039;efficacit\u00e9 de nos campagnes promotionnelles et l&#039;\u00e9valuation et l&#039;am\u00e9lioration de notre service, de nos produits, de nos services, de notre marketing et de votre exp\u00e9rience.<\/li>\n<\/ul>\n<p>\u00a0<\/p>\n<p>Nous pouvons partager vos informations personnelles dans les situations suivantes\u00a0:<\/p>\n<ul>\n<li><strong>Avec les prestataires de services\u00a0:\u00a0<\/strong>Nous pouvons partager vos informations personnelles avec des fournisseurs de services pour surveiller et analyser l&#039;utilisation de notre service et pour vous contacter.<\/li>\n<li><strong>Pour les transmissions d&#039;entreprises :\u00a0<\/strong>Nous pouvons partager ou transf\u00e9rer vos informations personnelles dans le cadre de, ou pendant les n\u00e9gociations de, toute fusion, vente d&#039;actifs de la soci\u00e9t\u00e9, financement ou acquisition de tout ou partie de notre entreprise \u00e0 une autre soci\u00e9t\u00e9.<\/li>\n<li><strong>Avec les affili\u00e9s\u00a0: nous\u00a0<\/strong>peut partager vos informations avec nos affili\u00e9s, auquel cas nous demanderons \u00e0 ces affili\u00e9s de respecter cette politique de confidentialit\u00e9. Les soci\u00e9t\u00e9s affili\u00e9es comprennent notre soci\u00e9t\u00e9 m\u00e8re et toutes autres filiales, partenaires de coentreprise ou autres soci\u00e9t\u00e9s que nous contr\u00f4lons ou qui sont sous contr\u00f4le commun avec nous.<\/li>\n<li><strong>Avec des partenaires commerciaux :\u00a0<\/strong>Nous pouvons partager vos informations avec nos partenaires commerciaux pour vous proposer certains produits, services ou promotions.<\/li>\n<li><strong>Avec d&#039;autres utilisateurs\u00a0:\u00a0<\/strong>lorsque vous partagez des informations personnelles ou interagissez de toute autre mani\u00e8re dans les espaces publics avec d&#039;autres utilisateurs, ces informations peuvent \u00eatre consult\u00e9es par tous les utilisateurs et peuvent \u00eatre distribu\u00e9es publiquement \u00e0 l&#039;ext\u00e9rieur.<\/li>\n<li><strong>Avec votre consentement\u00a0:\u00a0<\/strong>Nous pouvons divulguer vos informations personnelles \u00e0 toute autre fin avec votre consentement.<\/li>\n<\/ul>\n<p>\u00a0<\/p>\n<h3>Conservation de vos donn\u00e9es personnelles<\/h3>\n<p>La Soci\u00e9t\u00e9 conservera vos donn\u00e9es personnelles uniquement aussi longtemps que n\u00e9cessaire aux fins \u00e9nonc\u00e9es dans la pr\u00e9sente politique de confidentialit\u00e9. Nous conserverons et utiliserons vos donn\u00e9es personnelles dans la mesure n\u00e9cessaire pour nous conformer \u00e0 nos obligations l\u00e9gales (par exemple, si nous sommes tenus de conserver vos donn\u00e9es pour nous conformer aux lois applicables), r\u00e9soudre les litiges et faire respecter nos accords et politiques juridiques.<\/p>\n<p>La Soci\u00e9t\u00e9 conservera \u00e9galement les donn\u00e9es d&#039;utilisation \u00e0 des fins d&#039;analyse interne.<\/p>\n<h3>Transfert de vos donn\u00e9es personnelles<\/h3>\n<p>Vos informations, y compris vos donn\u00e9es personnelles, sont trait\u00e9es dans les bureaux op\u00e9rationnels de la Soci\u00e9t\u00e9 et dans tout autre endroit o\u00f9 se trouvent les parties impliqu\u00e9es dans le traitement. Cela signifie que ces informations peuvent \u00eatre transf\u00e9r\u00e9es et conserv\u00e9es sur des ordinateurs situ\u00e9s en dehors de votre \u00e9tat, province, pays ou autre juridiction gouvernementale o\u00f9 les lois sur la protection des donn\u00e9es peuvent diff\u00e9rer de celles de votre juridiction.<br \/><br \/>Votre consentement \u00e0 cette politique de confidentialit\u00e9 suivi de votre soumission de ces informations repr\u00e9sente votre accord \u00e0 ce transfert.<br \/><br \/>La Soci\u00e9t\u00e9 prendra toutes les mesures raisonnablement n\u00e9cessaires pour garantir que vos donn\u00e9es sont trait\u00e9es de mani\u00e8re s\u00e9curis\u00e9e et conform\u00e9ment \u00e0 la pr\u00e9sente politique de confidentialit\u00e9 et aucun transfert de vos donn\u00e9es personnelles n&#039;aura lieu vers une organisation ou un pays \u00e0 moins que des contr\u00f4les ad\u00e9quats ne soient en place, y compris la s\u00e9curit\u00e9 de Vos donn\u00e9es et autres informations personnelles.<\/p>\n<h3>Divulgation de vos donn\u00e9es personnelles<\/h3>\n<h5>Forces de l&#039;ordre<\/h5>\n<p>Dans certaines circonstances, la Soci\u00e9t\u00e9 peut \u00eatre tenue de divulguer vos donn\u00e9es personnelles si la loi l&#039;y oblige ou en r\u00e9ponse \u00e0 des demandes valables des autorit\u00e9s publiques (par exemple un tribunal ou un organisme gouvernemental).<\/p>\n<p>\u00a0<\/p>\n<h5>Autres exigences l\u00e9gales<\/h5>\n<p>La Soci\u00e9t\u00e9 peut divulguer vos donn\u00e9es personnelles en croyant de bonne foi qu&#039;une telle action est n\u00e9cessaire pour\u00a0:<\/p>\n<ul>\n<li>Se conformer \u00e0 une obligation l\u00e9gale<\/li>\n<li>Prot\u00e9ger et d\u00e9fendre les droits ou les biens de la Soci\u00e9t\u00e9<\/li>\n<li>Pr\u00e9venir ou enqu\u00eater sur d&#039;\u00e9ventuels actes r\u00e9pr\u00e9hensibles en relation avec le Service<\/li>\n<li>Prot\u00e9ger la s\u00e9curit\u00e9 personnelle des Utilisateurs du Service ou du public<\/li>\n<li>Se prot\u00e9ger contre la responsabilit\u00e9 l\u00e9gale<\/li>\n<\/ul>\n<p>\u00a0<\/p>\n<h3>S\u00e9curit\u00e9 de vos donn\u00e9es personnelles<\/h3>\n<p>La s\u00e9curit\u00e9 de vos donn\u00e9es personnelles est importante pour nous, mais n&#039;oubliez pas qu&#039;aucune m\u00e9thode de transmission sur Internet ou m\u00e9thode de stockage \u00e9lectronique n&#039;est s\u00e9curis\u00e9e 100%. Bien que nous nous efforcions d&#039;utiliser des moyens commercialement acceptables pour prot\u00e9ger vos donn\u00e9es personnelles, nous ne pouvons garantir leur s\u00e9curit\u00e9 absolue.<\/p>\n<h2 class=\"text-center\">Liens vers d&#039;autres sites Web<\/h2>\n<p>Notre Service peut contenir des liens vers d&#039;autres sites Web qui ne sont pas exploit\u00e9s par Nous. Si vous cliquez sur un lien tiers, vous serez dirig\u00e9 vers le site de ce tiers. Nous vous conseillons fortement de consulter la politique de confidentialit\u00e9 de chaque site que vous visitez.<br \/><br \/>Nous n&#039;avons aucun contr\u00f4le et n&#039;assumons aucune responsabilit\u00e9 quant au contenu, aux politiques de confidentialit\u00e9 ou aux pratiques de tout site ou service tiers.<\/p>\n<h2 class=\"text-center\">Modifications de cette politique de confidentialit\u00e9<\/h2>\n<p>Nous pouvons mettre \u00e0 jour notre politique de confidentialit\u00e9 de temps \u00e0 autre. Nous vous informerons de tout changement en publiant la nouvelle politique de confidentialit\u00e9 sur cette page.<br \/><br \/>Il vous est conseill\u00e9 de consulter p\u00e9riodiquement cette politique de confidentialit\u00e9 pour tout changement. Les modifications apport\u00e9es \u00e0 cette politique de confidentialit\u00e9 entrent en vigueur d\u00e8s leur publication sur cette page.<br \/><br \/>Cette politique de confidentialit\u00e9 a \u00e9t\u00e9 mise \u00e0 jour pour la derni\u00e8re fois en novembre <span id=\"gen-at\">2023.<\/span><\/p>\n<h2 class=\"text-center\">Contactez-nous<\/h2>\n<p>Si vous avez des questions concernant cette politique de confidentialit\u00e9, vous pouvez nous contacter par e-mail \u00e0\u00a0<strong><span id=\"email\">support@africanzuri.com<\/span><\/strong><\/p>\n\t\t\t\t\t\t\t\t<\/div>\n\t\t\t\t<\/div>\n\t\t\t\t\t<\/div>\n\t\t\t\t<\/div>\n\t\t\t\t<\/div>","protected":false},"excerpt":{"rendered":"<p>This Privacy Policy describes Our policies and procedures on the collection, use and disclosure of Your information when You respond to our advertisements and tells You about Your privacy rights and how the law protects You. We use Your Personal Data to contact and support you, as well as to provide and improve the Service. [&hellip;]<\/p>\n","protected":false},"author":1,"featured_media":0,"parent":0,"menu_order":0,"comment_status":"closed","ping_status":"open","template":"","meta":{"footnotes":""},"class_list":["post-3","page","type-page","status-publish","hentry"],"_hostinger_reach_plugin_has_subscription_block":false,"_hostinger_reach_plugin_is_elementor":false,"_links":{"self":[{"href":"https:\/\/africanzuri.com\/fr\/wp-json\/wp\/v2\/pages\/3","targetHints":{"allow":["GET"]}}],"collection":[{"href":"https:\/\/africanzuri.com\/fr\/wp-json\/wp\/v2\/pages"}],"about":[{"href":"https:\/\/africanzuri.com\/fr\/wp-json\/wp\/v2\/types\/page"}],"author":[{"embeddable":true,"href":"https:\/\/africanzuri.com\/fr\/wp-json\/wp\/v2\/users\/1"}],"replies":[{"embeddable":true,"href":"https:\/\/africanzuri.com\/fr\/wp-json\/wp\/v2\/comments?post=3"}],"version-history":[{"count":3,"href":"https:\/\/africanzuri.com\/fr\/wp-json\/wp\/v2\/pages\/3\/revisions"}],"predecessor-version":[{"id":1394,"href":"https:\/\/africanzuri.com\/fr\/wp-json\/wp\/v2\/pages\/3\/revisions\/1394"}],"wp:attachment":[{"href":"https:\/\/africanzuri.com\/fr\/wp-json\/wp\/v2\/media?parent=3"}],"curies":[{"name":"wp","href":"https:\/\/api.w.org\/{rel}","templated":true}]}}